{"id":26818,"date":"2022-05-22T15:59:55","date_gmt":"2022-05-22T12:59:55","guid":{"rendered":"http:\/\/www.antalyasaglikspor.org\/?page_id=26818"},"modified":"2022-05-23T00:23:29","modified_gmt":"2022-05-22T21:23:29","slug":"2022-voleybol-turnuvasi","status":"publish","type":"page","link":"http:\/\/www.antalyasaglikspor.org\/?page_id=26818","title":{"rendered":"VOLEYBOL TURNUVA"},"content":{"rendered":"\n<p>2022-VOLEYBOL TURNUVASI TAKIMLARI<\/p>\n\n\n\n<p><strong>BAYANLAR L\u0130G\u0130<\/strong><\/p>\n\n\n\n<p><strong>A GRUBU<\/strong><\/p>\n\n\n\n<ol><li>Aslar<\/li><li>B\u00fcy\u00fck\u015fehir Belediye<\/li><li>A.S.M.Muhasebe<\/li><li>Maliye<\/li><li>Serik E\u011fitim-Sa\u011fl\u0131k<\/li><\/ol>\n\n\n\n<p><strong>B GRUBU<\/strong><\/p>\n\n\n\n<ol><li>Di\u015f Hekimli\u011fi Fak\u00fcltesi<\/li><li>Asatspor<\/li><li>Halk Sa\u011fl\u0131\u011f\u0131<\/li><li>Antalya Barosu<\/li><\/ol>\n\n\n\n<p><strong>C GRUBU<\/strong><\/p>\n\n\n\n<ol><li>Adek<\/li><li>Filenin Sultanlar\u0131<\/li><li>Antalya Sa\u011fl\u0131kspor<\/li><li>Meb Antalya Sultanlar\u0131<\/li><\/ol>\n\n\n\n<p><strong>ERKEKLER L\u0130G\u0130<\/strong><\/p>\n\n\n\n<p><strong>A GRUBU<\/strong><\/p>\n\n\n\n<ol><li>Winner<\/li><li>Maliye<\/li><li>Tempo (112)<\/li><li>B\u00fcy\u00fck\u015fehir Belediyesi<\/li><li>Asatspor<\/li><li>E. ve A.H. KBB<\/li><\/ol>\n\n\n\n<p><strong>B GRUBU<\/strong><\/p>\n\n\n\n<ol><li>Bah\u00e7e\u015fehir Koleji<\/li><li>Kepez Belediyesi<\/li><li>Antalya Sa\u011fl\u0131kspor<\/li><li>M\u00fcdad<\/li><li>La Casa de Voleybol<\/li><li>Di\u015f Hekimli\u011fi Fak\u00fcltesi<\/li><\/ol>\n","protected":false},"excerpt":{"rendered":"<p>2022-VOLEYBOL TURNUVASI TAKIMLARI BAYANLAR L\u0130G\u0130 A GRUBU Aslar B\u00fcy\u00fck\u015fehir Belediye A.S.M.Muhasebe Maliye Serik E\u011fitim-Sa\u011fl\u0131k B GRUBU Di\u015f Hekimli\u011fi Fak\u00fcltesi Asatspor Halk Sa\u011fl\u0131\u011f\u0131 Antalya Barosu C GRUBU Adek Filenin Sultanlar\u0131 Antalya Sa\u011fl\u0131kspor Meb Antalya Sultanlar\u0131 ERKEKLER L\u0130G\u0130 A GRUBU Winner Maliye Tempo (112) B\u00fcy\u00fck\u015fehir Belediyesi Asatspor E. ve A.H. KBB B GRUBU Bah\u00e7e\u015fehir Koleji Kepez Belediyesi&#8230; <a href=\"http:\/\/www.antalyasaglikspor.org\/?page_id=26818\"><span class=\"cb-read-more\"> Read more  &rarr;<\/span><\/a><\/p>\n","protected":false},"author":1,"featured_media":0,"parent":0,"menu_order":0,"comment_status":"closed","ping_status":"closed","template":"","meta":[],"_links":{"self":[{"href":"http:\/\/www.antalyasaglikspor.org\/index.php?rest_route=\/wp\/v2\/pages\/26818"}],"collection":[{"href":"http:\/\/www.antalyasaglikspor.org\/index.php?rest_route=\/wp\/v2\/pages"}],"about":[{"href":"http:\/\/www.antalyasaglikspor.org\/index.php?rest_route=\/wp\/v2\/types\/page"}],"author":[{"embeddable":true,"href":"http:\/\/www.antalyasaglikspor.org\/index.php?rest_route=\/wp\/v2\/users\/1"}],"replies":[{"embeddable":true,"href":"http:\/\/www.antalyasaglikspor.org\/index.php?rest_route=%2Fwp%2Fv2%2Fcomments&post=26818"}],"version-history":[{"count":3,"href":"http:\/\/www.antalyasaglikspor.org\/index.php?rest_route=\/wp\/v2\/pages\/26818\/revisions"}],"predecessor-version":[{"id":26907,"href":"http:\/\/www.antalyasaglikspor.org\/index.php?rest_route=\/wp\/v2\/pages\/26818\/revisions\/26907"}],"wp:attachment":[{"href":"http:\/\/www.antalyasaglikspor.org\/index.php?rest_route=%2Fwp%2Fv2%2Fmedia&parent=26818"}],"curies":[{"name":"wp","href":"https:\/\/api.w.org\/{rel}","templated":true}]}}