{"id":23708,"date":"2019-10-06T23:37:21","date_gmt":"2019-10-06T20:37:21","guid":{"rendered":"http:\/\/www.antalyasaglikspor.org\/?page_id=23708"},"modified":"2019-10-28T08:16:08","modified_gmt":"2019-10-28T06:16:08","slug":"2019-turnuva-formlari","status":"publish","type":"page","link":"http:\/\/www.antalyasaglikspor.org\/?page_id=23708","title":{"rendered":"2019-TURNUVA FORMLARI"},"content":{"rendered":"<p><img src=\"http:\/\/www.hareketligifler.net\/data\/media\/111\/ok-hareketli-resim-0481.gif\" alt=\"ok-hareketli-resim-0481\" \/><a href=\"http:\/\/www.antalyasaglikspor.org\/wp-content\/uploads\/2019\/10\/2019-Futbol-Turnuvas\u0131-Taahh\u00fctname-ve-Tak\u0131m-Listesi.doc\">2019-Futbol Turnuvas\u0131 Taahh\u00fctname ve Tak\u0131m Listesi<\/a><\/p>\n<p><img src=\"http:\/\/www.hareketligifler.net\/data\/media\/111\/ok-hareketli-resim-0481.gif\" alt=\"ok-hareketli-resim-0481\" \/><a href=\"http:\/\/www.antalyasaglikspor.org\/wp-content\/uploads\/2019\/10\/2019-Futbol-Turnuvas\u0131-Y\u00f6netmeli\u011fi.docx\">2019-Futbol Turnuvas\u0131 Y\u00f6netmeli\u011fi<\/a><\/p>\n<p><img src=\"http:\/\/www.hareketligifler.net\/data\/media\/111\/ok-hareketli-resim-0481.gif\" alt=\"ok-hareketli-resim-0481\" \/><a href=\"http:\/\/www.antalyasaglikspor.org\/wp-content\/uploads\/2019\/10\/M\u00fcsabaka-Tak\u0131m-Listesi-1.xls\">M\u00fcsabaka Tak\u0131m Listesi<\/a><\/p>\n<p><img src=\"http:\/\/www.hareketligifler.net\/data\/media\/111\/ok-hareketli-resim-0481.gif\" alt=\"ok-hareketli-resim-0481\" \/><a href=\"http:\/\/www.antalyasaglikspor.org\/wp-content\/uploads\/2019\/10\/Oyuncu-De\u011fi\u015ftirme-Belgesi.xls\">Oyuncu De\u011fi\u015ftirme Belgesi<\/a><\/p>\n<p><img src=\"http:\/\/www.hareketligifler.net\/data\/media\/111\/ok-hareketli-resim-0481.gif\" alt=\"ok-hareketli-resim-0481\" \/><a href=\"http:\/\/www.antalyasaglikspor.org\/wp-content\/uploads\/2019\/10\/Sa\u011fl\u0131k-Rapor-Belgesi.docx\">Sa\u011fl\u0131k Rapor Belgesi<\/a><\/p>\n<img src=\"https:\/\/www.hareketligifler.net\/data\/media\/165\/amerikan-futbolu-ve-futbol-hareketli-resim-0111.gif\" alt=\"amerikan-futbolu-ve-futbol-hareketli-resim-0111\" \/>TURNUVAYA KATILAN TAKIMLARIMIZA BA\u015eARILAR D\u0130LER\u0130Z.<img src=\"https:\/\/www.hareketligifler.net\/data\/media\/165\/amerikan-futbolu-ve-futbol-hareketli-resim-0111.gif\" alt=\"amerikan-futbolu-ve-futbol-hareketli-resim-0111\" \/>\n<p><a href=\"http:\/\/www.antalyasaglikspor.org\/wp-content\/uploads\/2019\/10\/2019-TURNUVA-MA\u00c7LAR-F\u0130KST\u00dcR\u00dc-1.xls\"><img src=\"http:\/\/www.hareketligifler.net\/data\/media\/111\/ok-hareketli-resim-0481.gif\" alt=\"ok-hareketli-resim-0481\" \/>2019-TURNUVA 2.MA\u00c7LAR F\u0130KST\u00dcR\u00dc<\/a><\/p>\n","protected":false},"excerpt":{"rendered":"<p>2019-Futbol Turnuvas\u0131 Taahh\u00fctname ve Tak\u0131m Listesi 2019-Futbol Turnuvas\u0131 Y\u00f6netmeli\u011fi M\u00fcsabaka Tak\u0131m Listesi Oyuncu De\u011fi\u015ftirme Belgesi Sa\u011fl\u0131k Rapor Belgesi TURNUVAYA KATILAN TAKIMLARIMIZA BA\u015eARILAR D\u0130LER\u0130Z. 2019-TURNUVA 2.MA\u00c7LAR F\u0130KST\u00dcR\u00dc<\/p>\n","protected":false},"author":1,"featured_media":0,"parent":0,"menu_order":0,"comment_status":"closed","ping_status":"closed","template":"","meta":[],"_links":{"self":[{"href":"http:\/\/www.antalyasaglikspor.org\/index.php?rest_route=\/wp\/v2\/pages\/23708"}],"collection":[{"href":"http:\/\/www.antalyasaglikspor.org\/index.php?rest_route=\/wp\/v2\/pages"}],"about":[{"href":"http:\/\/www.antalyasaglikspor.org\/index.php?rest_route=\/wp\/v2\/types\/page"}],"author":[{"embeddable":true,"href":"http:\/\/www.antalyasaglikspor.org\/index.php?rest_route=\/wp\/v2\/users\/1"}],"replies":[{"embeddable":true,"href":"http:\/\/www.antalyasaglikspor.org\/index.php?rest_route=%2Fwp%2Fv2%2Fcomments&post=23708"}],"version-history":[{"count":2,"href":"http:\/\/www.antalyasaglikspor.org\/index.php?rest_route=\/wp\/v2\/pages\/23708\/revisions"}],"predecessor-version":[{"id":24005,"href":"http:\/\/www.antalyasaglikspor.org\/index.php?rest_route=\/wp\/v2\/pages\/23708\/revisions\/24005"}],"wp:attachment":[{"href":"http:\/\/www.antalyasaglikspor.org\/index.php?rest_route=%2Fwp%2Fv2%2Fmedia&parent=23708"}],"curies":[{"name":"wp","href":"https:\/\/api.w.org\/{rel}","templated":true}]}}