{"id":15070,"date":"2017-10-25T00:25:51","date_gmt":"2017-10-24T21:25:51","guid":{"rendered":"http:\/\/www.antalyasaglikspor.org\/?page_id=15070"},"modified":"2017-10-25T00:33:39","modified_gmt":"2017-10-24T21:33:39","slug":"2017-futbol-turnuva-formlari","status":"publish","type":"page","link":"http:\/\/www.antalyasaglikspor.org\/?page_id=15070","title":{"rendered":"2017-FUTBOL TURNUVA FORMLARI"},"content":{"rendered":"<p><a href=\"http:\/\/www.antalyasaglikspor.org\/wp-content\/uploads\/2017\/10\/2017-Futbol-Turnuvas\u0131-Y\u00f6netmeli\u011fi.docx\"><img src=\"http:\/\/www.hareketligifler.net\/data\/media\/111\/ok-hareketli-resim-0394.gif\" alt=\"ok-hareketli-resim-0394\" \/>2017-Futbol Turnuvas\u0131 Y\u00f6netmeli\u011fi<\/a><\/p>\n<p><img src=\"http:\/\/www.hareketligifler.net\/data\/media\/111\/ok-hareketli-resim-0394.gif\" alt=\"ok-hareketli-resim-0394\" \/><a href=\"http:\/\/www.antalyasaglikspor.org\/wp-content\/uploads\/2017\/10\/2017-Futbol-Turnuvas\u0131-Taahh\u00fctname.doc\">2017-Futbol Turnuvas\u0131 Taahh\u00fctname<\/a><\/p>\n<p><img src=\"http:\/\/www.hareketligifler.net\/data\/media\/111\/ok-hareketli-resim-0394.gif\" alt=\"ok-hareketli-resim-0394\" \/><a href=\"http:\/\/www.antalyasaglikspor.org\/wp-content\/uploads\/2017\/10\/2017-Turnuva-Tak\u0131m-Listesi-1.xls\">2017-Turnuva Tak\u0131m Listesi<\/a><\/p>\n<p><img src=\"http:\/\/www.hareketligifler.net\/data\/media\/111\/ok-hareketli-resim-0394.gif\" alt=\"ok-hareketli-resim-0394\" \/><a href=\"http:\/\/www.antalyasaglikspor.org\/wp-content\/uploads\/2017\/10\/M\u00fcsabaka-Tak\u0131m-Listesi.xls\">M\u00fcsabaka Tak\u0131m Listesi<\/a><\/p>\n<p><img src=\"http:\/\/www.hareketligifler.net\/data\/media\/111\/ok-hareketli-resim-0394.gif\" alt=\"ok-hareketli-resim-0394\" \/><a href=\"http:\/\/www.antalyasaglikspor.org\/wp-content\/uploads\/2017\/10\/Sa\u011fl\u0131k-Rapor-Belgesi.docx\">Sa\u011fl\u0131k Rapor Belgesi<\/a><\/p>\n<p><img src=\"http:\/\/www.hareketligifler.net\/data\/media\/111\/ok-hareketli-resim-0394.gif\" alt=\"ok-hareketli-resim-0394\" \/><a href=\"http:\/\/www.antalyasaglikspor.org\/wp-content\/uploads\/2017\/10\/Oyuncu-De\u011fi\u015ftirme-Belgesi.xls\">Oyuncu De\u011fi\u015ftirme Belgesi<\/a><\/p>\n","protected":false},"excerpt":{"rendered":"<p>2017-Futbol Turnuvas\u0131 Y\u00f6netmeli\u011fi 2017-Futbol Turnuvas\u0131 Taahh\u00fctname 2017-Turnuva Tak\u0131m Listesi M\u00fcsabaka Tak\u0131m Listesi Sa\u011fl\u0131k Rapor Belgesi Oyuncu De\u011fi\u015ftirme Belgesi<\/p>\n","protected":false},"author":1,"featured_media":0,"parent":0,"menu_order":0,"comment_status":"closed","ping_status":"closed","template":"","meta":[],"_links":{"self":[{"href":"http:\/\/www.antalyasaglikspor.org\/index.php?rest_route=\/wp\/v2\/pages\/15070"}],"collection":[{"href":"http:\/\/www.antalyasaglikspor.org\/index.php?rest_route=\/wp\/v2\/pages"}],"about":[{"href":"http:\/\/www.antalyasaglikspor.org\/index.php?rest_route=\/wp\/v2\/types\/page"}],"author":[{"embeddable":true,"href":"http:\/\/www.antalyasaglikspor.org\/index.php?rest_route=\/wp\/v2\/users\/1"}],"replies":[{"embeddable":true,"href":"http:\/\/www.antalyasaglikspor.org\/index.php?rest_route=%2Fwp%2Fv2%2Fcomments&post=15070"}],"version-history":[{"count":2,"href":"http:\/\/www.antalyasaglikspor.org\/index.php?rest_route=\/wp\/v2\/pages\/15070\/revisions"}],"predecessor-version":[{"id":15076,"href":"http:\/\/www.antalyasaglikspor.org\/index.php?rest_route=\/wp\/v2\/pages\/15070\/revisions\/15076"}],"wp:attachment":[{"href":"http:\/\/www.antalyasaglikspor.org\/index.php?rest_route=%2Fwp%2Fv2%2Fmedia&parent=15070"}],"curies":[{"name":"wp","href":"https:\/\/api.w.org\/{rel}","templated":true}]}}