{"id":14480,"date":"2017-04-28T02:09:23","date_gmt":"2017-04-27T23:09:23","guid":{"rendered":"http:\/\/www.antalyasaglikspor.org\/?page_id=14480"},"modified":"2017-05-22T00:46:07","modified_gmt":"2017-05-21T21:46:07","slug":"2017-voleybol-turnuva-fiksturu","status":"publish","type":"page","link":"http:\/\/www.antalyasaglikspor.org\/?page_id=14480","title":{"rendered":"2017-Voleybol Turnuva Fikst\u00fcr\u00fc"},"content":{"rendered":"<a href=\"http:\/\/www.antalyasaglikspor.org\/wp-content\/uploads\/2017\/04\/2017-VOLEYBOL-TURNUVA-F\u0130KST\u00dcR\u00dc-1.xls\"><img src=\"http:\/\/www.hareketligifler.net\/data\/media\/111\/ok-hareketli-resim-0025.gif\" alt=\"ok-hareketli-resim-0025\" \/><\/a><a href=\"http:\/\/www.antalyasaglikspor.org\/wp-content\/uploads\/2017\/04\/2017-VOLEYBOL-TURNUVA-F\u0130KST\u00dcR\u00dc-SONNN-2-1-1.xls\">2017-VOLEYBOL-TURNUVA-F\u0130KST\u00dcR\u00dc<\/a><a href=\"http:\/\/www.antalyasaglikspor.org\/wp-content\/uploads\/2017\/04\/2017-VOLEYBOL-TURNUVA-F\u0130KST\u00dcR\u00dc-1.xls\"><img src=\"http:\/\/www.hareketligifler.net\/data\/media\/111\/ok-hareketli-resim-0026.gif\" alt=\"ok-hareketli-resim-0026\" \/><\/a>\n","protected":false},"excerpt":{"rendered":"<p>2017-VOLEYBOL-TURNUVA-F\u0130KST\u00dcR\u00dc<\/p>\n","protected":false},"author":1,"featured_media":0,"parent":0,"menu_order":0,"comment_status":"closed","ping_status":"closed","template":"","meta":[],"_links":{"self":[{"href":"http:\/\/www.antalyasaglikspor.org\/index.php?rest_route=\/wp\/v2\/pages\/14480"}],"collection":[{"href":"http:\/\/www.antalyasaglikspor.org\/index.php?rest_route=\/wp\/v2\/pages"}],"about":[{"href":"http:\/\/www.antalyasaglikspor.org\/index.php?rest_route=\/wp\/v2\/types\/page"}],"author":[{"embeddable":true,"href":"http:\/\/www.antalyasaglikspor.org\/index.php?rest_route=\/wp\/v2\/users\/1"}],"replies":[{"embeddable":true,"href":"http:\/\/www.antalyasaglikspor.org\/index.php?rest_route=%2Fwp%2Fv2%2Fcomments&post=14480"}],"version-history":[{"count":0,"href":"http:\/\/www.antalyasaglikspor.org\/index.php?rest_route=\/wp\/v2\/pages\/14480\/revisions"}],"wp:attachment":[{"href":"http:\/\/www.antalyasaglikspor.org\/index.php?rest_route=%2Fwp%2Fv2%2Fmedia&parent=14480"}],"curies":[{"name":"wp","href":"https:\/\/api.w.org\/{rel}","templated":true}]}}